{"id":231535,"date":"2024-09-01T11:10:22","date_gmt":"2024-09-01T11:10:22","guid":{"rendered":"https:\/\/lenyolife.com\/transakcja-nie-powiodla-sie\/"},"modified":"2024-09-01T11:10:46","modified_gmt":"2024-09-01T11:10:46","slug":"transakcja-nie-powiodla-sie","status":"publish","type":"page","link":"https:\/\/lenyolife.com\/pl\/kasa\/transakcja-nie-powiodla-sie\/","title":{"rendered":"Transakcja nie powiod\u0142a si\u0119"},"content":{"rendered":"<p>Transakcja nie powiod\u0142a si\u0119; spr\u00f3buj ponownie lub skontaktuj si\u0119 z pomoc\u0105 techniczn\u0105.<\/p>","protected":false},"excerpt":{"rendered":"<p>Transakcja nie powiod\u0142a si\u0119; spr\u00f3buj ponownie lub skontaktuj si\u0119 z pomoc\u0105 techniczn\u0105.<\/p>\n","protected":false},"author":2,"featured_media":0,"parent":231558,"menu_order":0,"comment_status":"closed","ping_status":"closed","template":"","meta":{"_et_pb_use_builder":"","_et_pb_old_content":"","_et_gb_content_width":"","footnotes":""},"class_list":["post-231535","page","type-page","status-publish","hentry"],"_links":{"self":[{"href":"https:\/\/lenyolife.com\/pl\/wp-json\/wp\/v2\/pages\/231535","targetHints":{"allow":["GET"]}}],"collection":[{"href":"https:\/\/lenyolife.com\/pl\/wp-json\/wp\/v2\/pages"}],"about":[{"href":"https:\/\/lenyolife.com\/pl\/wp-json\/wp\/v2\/types\/page"}],"author":[{"embeddable":true,"href":"https:\/\/lenyolife.com\/pl\/wp-json\/wp\/v2\/users\/2"}],"replies":[{"embeddable":true,"href":"https:\/\/lenyolife.com\/pl\/wp-json\/wp\/v2\/comments?post=231535"}],"version-history":[{"count":1,"href":"https:\/\/lenyolife.com\/pl\/wp-json\/wp\/v2\/pages\/231535\/revisions"}],"predecessor-version":[{"id":231539,"href":"https:\/\/lenyolife.com\/pl\/wp-json\/wp\/v2\/pages\/231535\/revisions\/231539"}],"up":[{"embeddable":true,"href":"https:\/\/lenyolife.com\/pl\/wp-json\/wp\/v2\/pages\/231558"}],"wp:attachment":[{"href":"https:\/\/lenyolife.com\/pl\/wp-json\/wp\/v2\/media?parent=231535"}],"curies":[{"name":"wp","href":"https:\/\/api.w.org\/{rel}","templated":true}]}}