{"id":231529,"date":"2024-09-01T11:10:22","date_gmt":"2024-09-01T11:10:22","guid":{"rendered":"https:\/\/lenyolife.com\/transaccion-fallida\/"},"modified":"2024-09-01T11:10:46","modified_gmt":"2024-09-01T11:10:46","slug":"transaccion-fallida","status":"publish","type":"page","link":"https:\/\/lenyolife.com\/es\/pago\/transaccion-fallida\/","title":{"rendered":"Transacci\u00f3n fallida"},"content":{"rendered":"<p>Tu transacci\u00f3n ha fallado; int\u00e9ntalo de nuevo o ponte en contacto con el servicio de asistencia del sitio.<\/p>","protected":false},"excerpt":{"rendered":"<p>Tu transacci\u00f3n ha fallado; int\u00e9ntalo de nuevo o ponte en contacto con el servicio de asistencia del sitio.<\/p>\n","protected":false},"author":2,"featured_media":0,"parent":231554,"menu_order":0,"comment_status":"closed","ping_status":"closed","template":"","meta":{"_et_pb_use_builder":"","_et_pb_old_content":"","_et_gb_content_width":"","footnotes":""},"class_list":["post-231529","page","type-page","status-publish","hentry"],"_links":{"self":[{"href":"https:\/\/lenyolife.com\/es\/wp-json\/wp\/v2\/pages\/231529","targetHints":{"allow":["GET"]}}],"collection":[{"href":"https:\/\/lenyolife.com\/es\/wp-json\/wp\/v2\/pages"}],"about":[{"href":"https:\/\/lenyolife.com\/es\/wp-json\/wp\/v2\/types\/page"}],"author":[{"embeddable":true,"href":"https:\/\/lenyolife.com\/es\/wp-json\/wp\/v2\/users\/2"}],"replies":[{"embeddable":true,"href":"https:\/\/lenyolife.com\/es\/wp-json\/wp\/v2\/comments?post=231529"}],"version-history":[{"count":1,"href":"https:\/\/lenyolife.com\/es\/wp-json\/wp\/v2\/pages\/231529\/revisions"}],"predecessor-version":[{"id":231533,"href":"https:\/\/lenyolife.com\/es\/wp-json\/wp\/v2\/pages\/231529\/revisions\/231533"}],"up":[{"embeddable":true,"href":"https:\/\/lenyolife.com\/es\/wp-json\/wp\/v2\/pages\/231554"}],"wp:attachment":[{"href":"https:\/\/lenyolife.com\/es\/wp-json\/wp\/v2\/media?parent=231529"}],"curies":[{"name":"wp","href":"https:\/\/api.w.org\/{rel}","templated":true}]}}