{"id":229968,"date":"2022-05-20T09:21:56","date_gmt":"2022-05-20T09:21:56","guid":{"rendered":"https:\/\/lenyolife.com\/programa-de-socios-distribuidores\/"},"modified":"2024-03-27T21:32:31","modified_gmt":"2024-03-27T21:32:31","slug":"programa-de-socios-distribuidores","status":"publish","type":"page","link":"https:\/\/lenyolife.com\/es\/programa-de-socios-distribuidores\/","title":{"rendered":"Programa de socios distribuidores"},"content":{"rendered":"<p>[et_pb_section fb_built=\u00bb1&#8243; fullwidth=\u00bbon\u00bb _builder_version=\u00bb4.17.4&#8243; bottom_divider_style=\u00bbslant\u00bb bottom_divider_color=\u00bb#345168&#8243; bottom_divider_flip=\u00bbhorizontal\u00bb global_colors_info=\u00bb{}\u00bb][et_pb_fullwidth_header title=\u00bbPrograma de socios distribuidores\u00bb subhead=\u00bbObtenga un descuento exclusivo\u00bb text_orientation=\u00bbcenter\u00bb button_one_text=\u00bbTestimonios\u00bb button_one_url=\u00bbhttps:\/\/lenyolife.com\/testimonials\u00bb background_overlay_color=\u00bbrgba(79,92,104,0.38)\u00bb _builder_version=\u00bb4.17.4&#8243; title_font=\u00bbLato|700|||||||\u00bb title_font_size=\u00bb46px\u00bb title_line_height=\u00bb1.5em\u00bb content_font=\u00bbLato||||||||\u00bb content_font_size=\u00bb20px\u00bb content_line_height=\u00bb1.8em\u00bb subhead_font=\u00bbLato||||||||\u00bb subhead_font_size=\u00bb25px\u00bb subhead_line_height=\u00bb1.5em\u00bb background_color=\u00bb#afafaf\u00bb background_image=\u00bbhttps:\/\/lenyolife.com\/wp-content\/uploads\/2022\/05\/Resellel-Program.jpg\u00bb custom_button_one=\u00bbon\u00bb button_one_text_size=\u00bb14px\u00bb button_one_text_color=\u00bb#ffffff\u00bb button_one_bg_color=\u00bb#ffb356&#8243; button_one_border_width=\u00bb12px\u00bb button_one_border_color=\u00bb#ffb356&#8243; button_one_border_radius=\u00bb50px\u00bb button_one_letter_spacing=\u00bb2px\u00bb button_one_font=\u00bbLato|900||on|||||\u00bb button_one_icon=\u00bb&#x24;||divi||400&#8243; custom_button_two=\u00bbon\u00bb button_two_text_size=\u00bb14px\u00bb button_two_text_color=\u00bb#ffffff\u00bb button_two_bg_color=\u00bb#ffb356&#8243; button_two_border_width=\u00bb12px\u00bb button_two_border_color=\u00bb#ffb356&#8243; button_two_border_radius=\u00bb50px\u00bb button_two_letter_spacing=\u00bb2px\u00bb button_two_font=\u00bbLato|900||on|||||\u00bb button_two_icon=\u00bb&#x24;||divi||400&#8243; custom_margin=\u00bb|||\u00bb custom_padding=\u00bb5vw||150px||false\u00bb animation_style=\u00bbslide\u00bb animation_direction=\u00bbtop\u00bb animation_intensity_slide=\u00bb2%\u00bb title_font_size_tablet=\u00bb36px\u00bb title_font_size_phone=\u00bb\u00bb title_font_size_last_edited=\u00bbon|phone\u00bb global_colors_info=\u00bb{}\u00bb button_one_text_size__hover_enabled=\u00bboff\u00bb button_two_text_size__hover_enabled=\u00bboff\u00bb button_one_text_color__hover_enabled=\u00bboff\u00bb button_two_text_color__hover_enabled=\u00bboff\u00bb button_one_border_width__hover_enabled=\u00bboff\u00bb button_two_border_width__hover_enabled=\u00bboff\u00bb button_one_border_color__hover_enabled=\u00bboff\u00bb button_two_border_color__hover_enabled=\u00bboff\u00bb button_one_border_radius__hover_enabled=\u00bboff\u00bb button_two_border_radius__hover_enabled=\u00bboff\u00bb button_one_letter_spacing__hover_enabled=\u00bboff\u00bb button_two_letter_spacing__hover_enabled=\u00bboff\u00bb button_one_bg_color__hover_enabled=\u00bboff\u00bb button_two_bg_color__hover_enabled=\u00bboff\u00bb][\/et_pb_fullwidth_header][\/et_pb_section][et_pb_section fb_built=\u00bb1&#8243; next_background_color=\u00bb#E5F4F2&#8243; admin_label=\u00bbFeature\u00bb _builder_version=\u00bb4.17.4&#8243; background_color=\u00bb#345168&#8243; use_background_color_gradient=\u00bbon\u00bb background_color_gradient_stops=\u00bb#345168 5%|rgba(219,219,219,0) 100%\u00bb background_color_gradient_overlays_image=\u00bbon\u00bb background_color_gradient_start=\u00bb#345168&#8243; background_color_gradient_start_position=\u00bb5%\u00bb background_color_gradient_end=\u00bbrgba(219,219,219,0)\u00bb background_image=\u00bbhttps:\/\/lenyolife.com\/wp-content\/uploads\/2022\/05\/partner-program.jpg\u00bb custom_padding=\u00bb5%||10%||false|false\u00bb bottom_divider_style=\u00bbslant\u00bb bottom_divider_flip=\u00bbhorizontal\u00bb locked=\u00bboff\u00bb global_colors_info=\u00bb{}\u00bb][et_pb_row column_structure=\u00bb1_2,1_2&#8243; _builder_version=\u00bb4.16&#8243; max_width=\u00bb1280px\u00bb animation_direction=\u00bbbottom\u00bb hover_enabled=\u00bb0&#8243; use_custom_width=\u00bbon\u00bb custom_width_px=\u00bb1280px\u00bb global_colors_info=\u00bb{}\u00bb sticky_enabled=\u00bb0&#8243;][et_pb_column type=\u00bb1_2&#8243; _builder_version=\u00bb4.16&#8243; custom_padding=\u00bb|||\u00bb global_colors_info=\u00bb{}\u00bb custom_padding__hover=\u00bb|||\u00bb][et_pb_text admin_label=\u00bbText\u00bb _builder_version=\u00bb4.17.4&#8243; text_font=\u00bbLato||||||||\u00bb text_font_size=\u00bb18px\u00bb text_line_height=\u00bb1.8em\u00bb link_font=\u00bb||||||||\u00bb ul_font=\u00bb||||||||\u00bb ol_font=\u00bb||||||||\u00bb quote_font=\u00bb||||||||\u00bb header_font=\u00bb||||||||\u00bb header_2_font=\u00bbLato|700|||||||\u00bb header_2_font_size=\u00bb40px\u00bb header_2_letter_spacing=\u00bb2px\u00bb header_2_line_height=\u00bb1.5em\u00bb header_3_font=\u00bb||||||||\u00bb header_4_font=\u00bb||||||||\u00bb header_5_font=\u00bb||||||||\u00bb header_6_font=\u00bbLato|700|||||||\u00bb header_6_font_size=\u00bb18px\u00bb header_6_letter_spacing=\u00bb1px\u00bb header_6_line_height=\u00bb1.8em\u00bb text_orientation=\u00bbright\u00bb background_layout=\u00bbdark\u00bb width=\u00bb90%\u00bb max_width=\u00bb100%\u00bb custom_margin=\u00bb|0px||0px|false|false\u00bb custom_padding=\u00bb0px||||false|false\u00bb animation_style=\u00bbslide\u00bb animation_direction=\u00bbbottom\u00bb animation_intensity_slide=\u00bb5%\u00bb hover_enabled=\u00bb0&#8243; header_2_font_size_tablet=\u00bb\u00bb header_2_font_size_phone=\u00bb22px\u00bb header_2_font_size_last_edited=\u00bbon|phone\u00bb global_colors_info=\u00bb{}\u00bb sticky_enabled=\u00bb0&#8243;]<\/p>\n<h1><\/h1>\n<h2>Convi\u00e9rtase en socio distribuidor<\/h2>\n<h2><\/h2>\n<p>LENYO ofrece a los profesionales, aut\u00f3nomos y propietarios de negocios la oportunidad de ganar dinero con cada producto que vendan.<\/p>\n<p>[\/et_pb_text][et_pb_button button_text=\u00bbDescargar el cuestionario\u00bb _builder_version=\u00bb4.17.4&#8243; _module_preset=\u00bbdefault\u00bb custom_button=\u00bbon\u00bb button_text_size=\u00bb14px\u00bb button_text_color=\u00bb#ffffff\u00bb button_bg_color=\u00bb#FFB356&#8243; button_border_width=\u00bb8px\u00bb button_border_color=\u00bb#FFB356&#8243; button_border_radius=\u00bb50px\u00bb button_letter_spacing=\u00bb2px\u00bb button_font=\u00bbLato|900||on|||||\u00bb hover_enabled=\u00bb0&#8243; global_colors_info=\u00bb{}\u00bb button_alignment=\u00bbright\u00bb sticky_enabled=\u00bb0&#8243;][\/et_pb_button][\/et_pb_column][et_pb_column type=\u00bb1_2&#8243; _builder_version=\u00bb4.16&#8243; custom_padding=\u00bb10%|||\u00bb global_colors_info=\u00bb{}\u00bb custom_padding__hover=\u00bb|||\u00bb][et_pb_blurb title=\u00bbCUESTIONARIO PARA REVENDEDORES \u00bb use_icon=\u00bbon\u00bb font_icon=\u00bb&#xe052;||divi||400&#8243; icon_color=\u00bb#ffffff\u00bb icon_placement=\u00bbleft\u00bb image_icon_width=\u00bb22px\u00bb content_max_width=\u00bb1100px\u00bb _builder_version=\u00bb4.17.4&#8243; header_font=\u00bbLato|700|||||||\u00bb header_font_size=\u00bb18px\u00bb header_line_height=\u00bb1.4em\u00bb body_font_size=\u00bb16px\u00bb background_layout=\u00bbdark\u00bb custom_margin=\u00bb-59px||0px||false|false\u00bb animation_style=\u00bbslide\u00bb animation_direction=\u00bbbottom\u00bb animation_intensity_slide=\u00bb5%\u00bb hover_enabled=\u00bb0&#8243; icon_font_size=\u00bb22px\u00bb global_colors_info=\u00bb{}\u00bb sticky_enabled=\u00bb0&#8243;]<\/p>\n<p>Rellene el cuestionario para revendedores [ILDIKO: link] y env\u00edelo a <a href=\"mailto:lenyo@lenyolife.com\">partner@lenyolife.com<\/a>.<\/p>\n<p>[\/et_pb_blurb][et_pb_blurb title=\u00bbCONTRATO DE REVENDEDOR\u00bb use_icon=\u00bbon\u00bb font_icon=\u00bb&#xe052;||divi||400&#8243; icon_color=\u00bb#ffffff\u00bb icon_placement=\u00bbleft\u00bb image_icon_width=\u00bb22px\u00bb content_max_width=\u00bb1100px\u00bb _builder_version=\u00bb4.17.4&#8243; header_font=\u00bbLato|700|||||||\u00bb header_font_size=\u00bb18px\u00bb header_line_height=\u00bb1.4em\u00bb body_font_size=\u00bb16px\u00bb background_layout=\u00bbdark\u00bb custom_margin=\u00bb10px||0px||false|false\u00bb animation_style=\u00bbslide\u00bb animation_direction=\u00bbbottom\u00bb animation_intensity_slide=\u00bb5%\u00bb hover_enabled=\u00bb0&#8243; icon_font_size=\u00bb22px\u00bb global_colors_info=\u00bb{}\u00bb sticky_enabled=\u00bb0&#8243;]<\/p>\n<p>Se le enviar\u00e1 una hoja informativa y <span style=\"text-decoration: line-through;\">un borrador<\/span> del contrato. Una vez que haya firmado y devuelto el contrato, podr\u00e1 empezar a participar en la formaci\u00f3n para revendedores. Una vez finalizada la formaci\u00f3n, podr\u00e1 realizar su primera compra como revendedor.<\/p>\n<p>[\/et_pb_blurb][et_pb_blurb title=\u00bbREALICE SU PRIMERA COMPRA\u00bb use_icon=\u00bbon\u00bb font_icon=\u00bb&#xe052;||divi||400&#8243; icon_color=\u00bb#ffffff\u00bb icon_placement=\u00bbleft\u00bb image_icon_width=\u00bb22px\u00bb content_max_width=\u00bb1100px\u00bb _builder_version=\u00bb4.17.4&#8243; header_font=\u00bbLato|700|||||||\u00bb header_font_size=\u00bb18px\u00bb header_line_height=\u00bb1.4em\u00bb body_font_size=\u00bb16px\u00bb background_layout=\u00bbdark\u00bb custom_margin=\u00bb10px||0px||false|false\u00bb animation_style=\u00bbslide\u00bb animation_direction=\u00bbbottom\u00bb animation_intensity_slide=\u00bb5%\u00bb hover_enabled=\u00bb0&#8243; icon_font_size=\u00bb22px\u00bb global_colors_info=\u00bb{}\u00bb sticky_enabled=\u00bb0&#8243;]<\/p>\n<p>El importe de su primera compra* determina el valor de su descuento de revendedor para la primera compra y todas las siguientes.<\/p>\n<p>*Para recibir el descuento de revendedor, se requiere un valor de compra m\u00ednimo en su primera compra. <\/p>\n<p>[\/et_pb_blurb][et_pb_blurb title=\u00bbFORMACI\u00d3N CONTINUA\u00bb use_icon=\u00bbon\u00bb font_icon=\u00bb&#xe052;||divi||400&#8243; icon_color=\u00bb#ffffff\u00bb icon_placement=\u00bbleft\u00bb image_icon_width=\u00bb22px\u00bb content_max_width=\u00bb1100px\u00bb _builder_version=\u00bb4.17.4&#8243; header_font=\u00bbLato|700|||||||\u00bb header_font_size=\u00bb18px\u00bb header_line_height=\u00bb1.4em\u00bb body_font_size=\u00bb16px\u00bb background_layout=\u00bbdark\u00bb custom_margin=\u00bb10px||0px||false|false\u00bb animation_style=\u00bbslide\u00bb animation_direction=\u00bbbottom\u00bb animation_intensity_slide=\u00bb5%\u00bb hover_enabled=\u00bb0&#8243; icon_font_size=\u00bb22px\u00bb global_colors_info=\u00bb{}\u00bb sticky_enabled=\u00bb0&#8243;]<\/p>\n<p><strong>Para mantener<\/strong> su condici\u00f3n de socio distribuidor, debe asistir a un curso de formaci\u00f3n en l\u00ednea dos veces al a\u00f1o para conocer los nuevos productos, las actualizaciones de los productos existentes, los avances tecnol\u00f3gicos y la informaci\u00f3n de la empresa. Se expedir\u00e1 un certificado de asistencia.<\/p>\n<p>[\/et_pb_blurb][et_pb_blurb title=\u00bbMARKETING\u00bb use_icon=\u00bbon\u00bb font_icon=\u00bb&#xe052;||divi||400&#8243; icon_color=\u00bb#ffffff\u00bb icon_placement=\u00bbleft\u00bb image_icon_width=\u00bb22px\u00bb content_max_width=\u00bb1100px\u00bb _builder_version=\u00bb4.17.4&#8243; header_font=\u00bbLato|700|||||||\u00bb header_font_size=\u00bb18px\u00bb header_line_height=\u00bb1.4em\u00bb body_font_size=\u00bb16px\u00bb background_layout=\u00bbdark\u00bb custom_margin=\u00bb10px||0px||false|false\u00bb animation_style=\u00bbslide\u00bb animation_direction=\u00bbbottom\u00bb animation_intensity_slide=\u00bb5%\u00bb hover_enabled=\u00bb0&#8243; icon_font_size=\u00bb22px\u00bb global_colors_info=\u00bb{}\u00bb sticky_enabled=\u00bb0&#8243;]<\/p>\n<p>Para ayudarle en sus esfuerzos de marketing del BRT, le proporcionaremos material promocional digital como folletos, carteles, hojas informativas y volantes .<\/p>\n<p>[\/et_pb_blurb][\/et_pb_column][\/et_pb_row][\/et_pb_section][et_pb_section fb_built=\u00bb1&#8243; _builder_version=\u00bb4.17.4&#8243; _module_preset=\u00bbdefault\u00bb background_color=\u00bb#E5F4F2&#8243; custom_padding=\u00bb0px||0px|||\u00bb global_colors_info=\u00bb{}\u00bb][et_pb_row column_structure=\u00bb2_5,3_5&#8243; _builder_version=\u00bb4.17.4&#8243; _module_preset=\u00bbdefault\u00bb global_colors_info=\u00bb{}\u00bb][et_pb_column type=\u00bb2_5&#8243; _builder_version=\u00bb4.17.4&#8243; _module_preset=\u00bbdefault\u00bb global_colors_info=\u00bb{}\u00bb][et_pb_text _builder_version=\u00bb4.17.4&#8243; _module_preset=\u00bbdefault\u00bb header_font=\u00bb|600|||||||\u00bb header_2_font_size=\u00bb30px\u00bb global_colors_info=\u00bb{}\u00bb]<\/p>\n<h2><\/h2>\n<h1>Haga crecer su negocio hoy mismo<\/h1>\n<p>[\/et_pb_text][\/et_pb_column][et_pb_column type=\u00bb3_5&#8243; _builder_version=\u00bb4.17.4&#8243; _module_preset=\u00bbdefault\u00bb global_colors_info=\u00bb{}\u00bb][et_pb_text _builder_version=\u00bb4.17.4&#8243; _module_preset=\u00bbdefault\u00bb text_font_size=\u00bb16px\u00bb hover_enabled=\u00bb0&#8243; global_colors_info=\u00bb{}\u00bb sticky_enabled=\u00bb0&#8243;]<\/p>\n<p>Como profesional, empresario o emprendedor, siempre est\u00e1 buscando la manera de hacer crecer su empresa. El programa de socios distribuidores de LENYO puede hacer precisamente eso. Convi\u00e9rtase en distribuidor y forme una asociaci\u00f3n \u00fanica que puede ayudarle a mejorar los resultados de sus clientes, hacer crecer su negocio y ofrecerle ingresos adicionales.<\/p>\n<p>[\/et_pb_text][et_pb_button button_text=\u00bbSolicitud de informaci\u00f3n para distribuidores\u00bb _builder_version=\u00bb4.17.4&#8243; _module_preset=\u00bbdefault\u00bb custom_button=\u00bbon\u00bb button_text_size=\u00bb14px\u00bb button_text_color=\u00bb#ffffff\u00bb button_bg_color=\u00bb#FFB356&#8243; button_border_width=\u00bb8px\u00bb button_border_color=\u00bb#FFB356&#8243; button_border_radius=\u00bb50px\u00bb button_letter_spacing=\u00bb2px\u00bb button_font=\u00bbLato|900||on|||||\u00bb global_colors_info=\u00bb{}\u00bb][\/et_pb_button][\/et_pb_column][\/et_pb_row][\/et_pb_section][et_pb_section fb_built=\u00bb1&#8243; admin_label=\u00bbFooter\u00bb _builder_version=\u00bb4.17.4&#8243; background_color=\u00bb#BECEDB\u00bb use_background_color_gradient=\u00bbon\u00bb background_color_gradient_stops=\u00bb#345168 5%|rgba(219,219,219,0) 100%\u00bb background_color_gradient_overlays_image=\u00bbon\u00bb background_color_gradient_start=\u00bb#345168&#8243; background_color_gradient_start_position=\u00bb5%\u00bb background_color_gradient_end=\u00bbrgba(219,219,219,0)\u00bb background_image=\u00bbhttps:\/\/lenyolife.com\/wp-content\/uploads\/2022\/02\/shutterstock_33862174-kicsi.jpg\u00bb min_height=\u00bb905.9px\u00bb custom_padding=\u00bb5%||10%||false|false\u00bb top_divider_style=\u00bbslant\u00bb top_divider_color=\u00bb#e5f4f2&#8243; bottom_divider_flip=\u00bbhorizontal\u00bb locked=\u00bboff\u00bb global_colors_info=\u00bb{}\u00bb][et_pb_row _builder_version=\u00bb4.16&#8243; locked=\u00bboff\u00bb global_colors_info=\u00bb{}\u00bb][et_pb_column type=\u00bb4_4&#8243; _builder_version=\u00bb4.16&#8243; custom_padding=\u00bb|||\u00bb global_colors_info=\u00bb{}\u00bb custom_padding__hover=\u00bb|||\u00bb][et_pb_text admin_label=\u00bbTitle\u00bb _builder_version=\u00bb4.16&#8243; text_font=\u00bb||||||||\u00bb text_font_size=\u00bb18px\u00bb text_line_height=\u00bb1.8em\u00bb link_font=\u00bb||||||||\u00bb ul_font=\u00bb||||||||\u00bb ol_font=\u00bb||||||||\u00bb quote_font=\u00bb||||||||\u00bb header_font=\u00bb||||||||\u00bb header_2_font=\u00bb|700|||||||\u00bb header_2_font_size=\u00bb40px\u00bb header_2_letter_spacing=\u00bb1px\u00bb header_2_line_height=\u00bb1.5em\u00bb header_3_font=\u00bb||||||||\u00bb header_4_font=\u00bb||||||||\u00bb header_5_font=\u00bb||||||||\u00bb header_6_font=\u00bbLato|700|||||||\u00bb header_6_font_size=\u00bb18px\u00bb header_6_letter_spacing=\u00bb1px\u00bb header_6_line_height=\u00bb1.8em\u00bb text_orientation=\u00bbcenter\u00bb background_layout=\u00bbdark\u00bb max_width=\u00bb700px\u00bb module_alignment=\u00bbcenter\u00bb header_2_font_size_tablet=\u00bb\u00bb header_2_font_size_phone=\u00bb22px\u00bb header_2_font_size_last_edited=\u00bbon|phone\u00bb global_colors_info=\u00bb{}\u00bb]<\/p>\n<h2>Permanezcamos conectados<\/h2>\n<h3>Ingresa tu correo electr\u00f3nico para ofertas exclusivas, actualizaciones y m\u00e1s<\/h3>\n<p>[\/et_pb_text][et_pb_contact_form captcha=\u00bboff\u00bb submit_button_text=\u00bbENV\u00cdA TU MENSAJE\u00bb module_id=\u00bbet_pb_contact_form_0&#8243; _builder_version=\u00bb4.16&#8243; _unique_id=\u00bbc1c1e7d1-96d0-4599-8e67-10d78315fb8b\u00bb form_field_background_color=\u00bb#ffffff\u00bb title_font=\u00bb||||||||\u00bb form_field_font=\u00bbLato||||||||\u00bb form_field_font_size=\u00bb16px\u00bb custom_button=\u00bbon\u00bb button_text_size=\u00bb14px\u00bb button_text_color=\u00bb#ffffff\u00bb button_bg_color=\u00bb#ffb356&#8243; button_border_width=\u00bb12px\u00bb button_border_color=\u00bb#ffb356&#8243; button_border_radius=\u00bb50px\u00bb button_letter_spacing=\u00bb2px\u00bb button_font=\u00bbLato|900||on|||||\u00bb button_icon=\u00bb&#x24;||divi||400&#8243; max_width=\u00bb700px\u00bb module_alignment=\u00bbcenter\u00bb animation_style=\u00bbslide\u00bb animation_direction=\u00bbbottom\u00bb animation_intensity_slide=\u00bb5%\u00bb border_radii=\u00bbon|3px|3px|3px|3px\u00bb form_background_color=\u00bb#ffffff\u00bb global_colors_info=\u00bb{}\u00bb][et_pb_contact_field field_id=\u00bbEmail\u00bb field_title=\u00bbDirecci\u00f3n de correo electr\u00f3nico\u00bb field_type=\u00bbemail\u00bb fullwidth_field=\u00bbon\u00bb _builder_version=\u00bb4.16&#8243; global_colors_info=\u00bb{}\u00bb button_text_size__hover_enabled=\u00bboff\u00bb button_one_text_size__hover_enabled=\u00bboff\u00bb button_two_text_size__hover_enabled=\u00bboff\u00bb button_text_color__hover_enabled=\u00bboff\u00bb button_one_text_color__hover_enabled=\u00bboff\u00bb button_two_text_color__hover_enabled=\u00bboff\u00bb button_border_width__hover_enabled=\u00bboff\u00bb button_one_border_width__hover_enabled=\u00bboff\u00bb button_two_border_width__hover_enabled=\u00bboff\u00bb button_border_color__hover_enabled=\u00bboff\u00bb button_one_border_color__hover_enabled=\u00bboff\u00bb button_two_border_color__hover_enabled=\u00bboff\u00bb button_border_radius__hover_enabled=\u00bboff\u00bb button_one_border_radius__hover_enabled=\u00bboff\u00bb button_two_border_radius__hover_enabled=\u00bboff\u00bb button_letter_spacing__hover_enabled=\u00bboff\u00bb button_one_letter_spacing__hover_enabled=\u00bboff\u00bb button_two_letter_spacing__hover_enabled=\u00bboff\u00bb button_bg_color__hover_enabled=\u00bboff\u00bb button_one_bg_color__hover_enabled=\u00bboff\u00bb button_two_bg_color__hover_enabled=\u00bboff\u00bb][\/et_pb_contact_field][et_pb_contact_field field_id=\u00bbFull_Name\u00bb field_title=\u00bbNombre y apellidos\u00bb _builder_version=\u00bb4.16&#8243; global_colors_info=\u00bb{}\u00bb button_text_size__hover_enabled=\u00bboff\u00bb button_one_text_size__hover_enabled=\u00bboff\u00bb button_two_text_size__hover_enabled=\u00bboff\u00bb button_text_color__hover_enabled=\u00bboff\u00bb button_one_text_color__hover_enabled=\u00bboff\u00bb button_two_text_color__hover_enabled=\u00bboff\u00bb button_border_width__hover_enabled=\u00bboff\u00bb button_one_border_width__hover_enabled=\u00bboff\u00bb button_two_border_width__hover_enabled=\u00bboff\u00bb button_border_color__hover_enabled=\u00bboff\u00bb button_one_border_color__hover_enabled=\u00bboff\u00bb button_two_border_color__hover_enabled=\u00bboff\u00bb button_border_radius__hover_enabled=\u00bboff\u00bb button_one_border_radius__hover_enabled=\u00bboff\u00bb button_two_border_radius__hover_enabled=\u00bboff\u00bb button_letter_spacing__hover_enabled=\u00bboff\u00bb button_one_letter_spacing__hover_enabled=\u00bboff\u00bb button_two_letter_spacing__hover_enabled=\u00bboff\u00bb button_bg_color__hover_enabled=\u00bboff\u00bb button_one_bg_color__hover_enabled=\u00bboff\u00bb button_two_bg_color__hover_enabled=\u00bboff\u00bb][\/et_pb_contact_field][et_pb_contact_field field_id=\u00bbPhone_Number\u00bb field_title=\u00bbN\u00famero de tel\u00e9fono\u00bb _builder_version=\u00bb4.16&#8243; global_colors_info=\u00bb{}\u00bb button_text_size__hover_enabled=\u00bboff\u00bb button_one_text_size__hover_enabled=\u00bboff\u00bb button_two_text_size__hover_enabled=\u00bboff\u00bb button_text_color__hover_enabled=\u00bboff\u00bb button_one_text_color__hover_enabled=\u00bboff\u00bb button_two_text_color__hover_enabled=\u00bboff\u00bb button_border_width__hover_enabled=\u00bboff\u00bb button_one_border_width__hover_enabled=\u00bboff\u00bb button_two_border_width__hover_enabled=\u00bboff\u00bb button_border_color__hover_enabled=\u00bboff\u00bb button_one_border_color__hover_enabled=\u00bboff\u00bb button_two_border_color__hover_enabled=\u00bboff\u00bb button_border_radius__hover_enabled=\u00bboff\u00bb button_one_border_radius__hover_enabled=\u00bboff\u00bb button_two_border_radius__hover_enabled=\u00bboff\u00bb button_letter_spacing__hover_enabled=\u00bboff\u00bb button_one_letter_spacing__hover_enabled=\u00bboff\u00bb button_two_letter_spacing__hover_enabled=\u00bboff\u00bb button_bg_color__hover_enabled=\u00bboff\u00bb button_one_bg_color__hover_enabled=\u00bboff\u00bb button_two_bg_color__hover_enabled=\u00bboff\u00bb][\/et_pb_contact_field][et_pb_contact_field field_id=\u00bbMessage\u00bb field_title=\u00bbMensaje\u00bb field_type=\u00bbtext\u00bb fullwidth_field=\u00bbon\u00bb _builder_version=\u00bb4.16&#8243; global_colors_info=\u00bb{}\u00bb button_text_size__hover_enabled=\u00bboff\u00bb button_one_text_size__hover_enabled=\u00bboff\u00bb button_two_text_size__hover_enabled=\u00bboff\u00bb button_text_color__hover_enabled=\u00bboff\u00bb button_one_text_color__hover_enabled=\u00bboff\u00bb button_two_text_color__hover_enabled=\u00bboff\u00bb button_border_width__hover_enabled=\u00bboff\u00bb button_one_border_width__hover_enabled=\u00bboff\u00bb button_two_border_width__hover_enabled=\u00bboff\u00bb button_border_color__hover_enabled=\u00bboff\u00bb button_one_border_color__hover_enabled=\u00bboff\u00bb button_two_border_color__hover_enabled=\u00bboff\u00bb button_border_radius__hover_enabled=\u00bboff\u00bb button_one_border_radius__hover_enabled=\u00bboff\u00bb button_two_border_radius__hover_enabled=\u00bboff\u00bb button_letter_spacing__hover_enabled=\u00bboff\u00bb button_one_letter_spacing__hover_enabled=\u00bboff\u00bb button_two_letter_spacing__hover_enabled=\u00bboff\u00bb button_bg_color__hover_enabled=\u00bboff\u00bb button_one_bg_color__hover_enabled=\u00bboff\u00bb button_two_bg_color__hover_enabled=\u00bboff\u00bb][\/et_pb_contact_field][\/et_pb_contact_form][\/et_pb_column][\/et_pb_row][\/et_pb_section]<\/p>\n","protected":false},"excerpt":{"rendered":"<p>Convi\u00e9rtase en socio distribuidor LENYO ofrece a los profesionales, aut\u00f3nomos y propietarios de negocios la oportunidad de ganar dinero con cada producto que vendan.Rellene el cuestionario para revendedores [ILDIKO: link] y env\u00edelo a partner@lenyolife.com.Se le enviar\u00e1 una hoja informativa y un borrador del contrato. Una vez que haya firmado y devuelto el contrato, podr\u00e1 empezar [&hellip;]<\/p>\n","protected":false},"author":6,"featured_media":0,"parent":0,"menu_order":0,"comment_status":"closed","ping_status":"closed","template":"","meta":{"_et_pb_use_builder":"on","_et_pb_old_content":"","_et_gb_content_width":"","footnotes":""},"class_list":["post-229968","page","type-page","status-publish","hentry"],"_links":{"self":[{"href":"https:\/\/lenyolife.com\/es\/wp-json\/wp\/v2\/pages\/229968","targetHints":{"allow":["GET"]}}],"collection":[{"href":"https:\/\/lenyolife.com\/es\/wp-json\/wp\/v2\/pages"}],"about":[{"href":"https:\/\/lenyolife.com\/es\/wp-json\/wp\/v2\/types\/page"}],"author":[{"embeddable":true,"href":"https:\/\/lenyolife.com\/es\/wp-json\/wp\/v2\/users\/6"}],"replies":[{"embeddable":true,"href":"https:\/\/lenyolife.com\/es\/wp-json\/wp\/v2\/comments?post=229968"}],"version-history":[{"count":2,"href":"https:\/\/lenyolife.com\/es\/wp-json\/wp\/v2\/pages\/229968\/revisions"}],"predecessor-version":[{"id":229971,"href":"https:\/\/lenyolife.com\/es\/wp-json\/wp\/v2\/pages\/229968\/revisions\/229971"}],"wp:attachment":[{"href":"https:\/\/lenyolife.com\/es\/wp-json\/wp\/v2\/media?parent=229968"}],"curies":[{"name":"wp","href":"https:\/\/api.w.org\/{rel}","templated":true}]}}