{"id":228245,"date":"2022-05-23T15:46:57","date_gmt":"2022-05-23T15:46:57","guid":{"rendered":"https:\/\/lenyolife.com\/?page_id=228245"},"modified":"2024-03-03T14:29:58","modified_gmt":"2024-03-03T14:29:58","slug":"programa-demostraciones-lenyo-brt","status":"publish","type":"page","link":"https:\/\/lenyolife.com\/es\/programa-demostraciones-lenyo-brt\/","title":{"rendered":"Programa Demostraciones LENYO BRT"},"content":{"rendered":"<p>[et_pb_section fb_built=\u00bb1&#8243; fullwidth=\u00bbon\u00bb _builder_version=\u00bb4.17.4&#8243; bottom_divider_style=\u00bbslant\u00bb bottom_divider_color=\u00bb#345168&#8243; bottom_divider_flip=\u00bbhorizontal\u00bb global_colors_info=\u00bb{}\u00bb][et_pb_fullwidth_header title=\u00bbPrograma Socio de Demostraciones\u00bb subhead=\u00bb\u00a1Obt\u00e9n ingresos adicionales con tu dispositivo BRT!\u00bb text_orientation=\u00bbcenter\u00bb button_one_text=\u00bbTestimonios\u00bb button_one_url=\u00bbhttps:\/\/lenyolife.com\/testimonials\u00bb background_overlay_color=\u00bbrgba(79,92,104,0.38)\u00bb _builder_version=\u00bb4.17.4&#8243; title_font=\u00bbLato|700|||||||\u00bb title_font_size=\u00bb46px\u00bb title_line_height=\u00bb1.5em\u00bb content_font=\u00bbLato||||||||\u00bb content_font_size=\u00bb20px\u00bb content_line_height=\u00bb1.8em\u00bb subhead_font=\u00bbLato||||||||\u00bb subhead_font_size=\u00bb25px\u00bb subhead_line_height=\u00bb1.5em\u00bb background_color=\u00bb#afafaf\u00bb background_image=\u00bbhttps:\/\/lenyolife.com\/wp-content\/uploads\/2022\/05\/Lenyo-Point-Partner-Program.jpg\u00bb custom_button_one=\u00bbon\u00bb button_one_text_size=\u00bb14px\u00bb button_one_text_color=\u00bb#ffffff\u00bb button_one_bg_color=\u00bb#ffb356&#8243; button_one_border_width=\u00bb12px\u00bb button_one_border_color=\u00bb#ffb356&#8243; button_one_border_radius=\u00bb50px\u00bb button_one_letter_spacing=\u00bb2px\u00bb button_one_font=\u00bbLato|900||on|||||\u00bb button_one_icon=\u00bb&#x24;||divi||400&#8243; custom_button_two=\u00bbon\u00bb button_two_text_size=\u00bb14px\u00bb button_two_text_color=\u00bb#ffffff\u00bb button_two_bg_color=\u00bb#ffb356&#8243; button_two_border_width=\u00bb12px\u00bb button_two_border_color=\u00bb#ffb356&#8243; button_two_border_radius=\u00bb50px\u00bb button_two_letter_spacing=\u00bb2px\u00bb button_two_font=\u00bbLato|900||on|||||\u00bb button_two_icon=\u00bb&#x24;||divi||400&#8243; custom_margin=\u00bb|||\u00bb custom_padding=\u00bb5vw||150px||false\u00bb animation_style=\u00bbslide\u00bb animation_direction=\u00bbtop\u00bb animation_intensity_slide=\u00bb2%\u00bb title_font_size_tablet=\u00bb36px\u00bb title_font_size_phone=\u00bb\u00bb title_font_size_last_edited=\u00bbon|phone\u00bb global_colors_info=\u00bb{}\u00bb button_one_text_size__hover_enabled=\u00bboff\u00bb button_two_text_size__hover_enabled=\u00bboff\u00bb button_one_text_color__hover_enabled=\u00bboff\u00bb button_two_text_color__hover_enabled=\u00bboff\u00bb button_one_border_width__hover_enabled=\u00bboff\u00bb button_two_border_width__hover_enabled=\u00bboff\u00bb button_one_border_color__hover_enabled=\u00bboff\u00bb button_two_border_color__hover_enabled=\u00bboff\u00bb button_one_border_radius__hover_enabled=\u00bboff\u00bb button_two_border_radius__hover_enabled=\u00bboff\u00bb button_one_letter_spacing__hover_enabled=\u00bboff\u00bb button_two_letter_spacing__hover_enabled=\u00bboff\u00bb button_one_bg_color__hover_enabled=\u00bboff\u00bb button_two_bg_color__hover_enabled=\u00bboff\u00bb][\/et_pb_fullwidth_header][\/et_pb_section][et_pb_section fb_built=\u00bb1&#8243; admin_label=\u00bbFeature\u00bb _builder_version=\u00bb4.17.4&#8243; background_color=\u00bb#345168&#8243; use_background_color_gradient=\u00bbon\u00bb background_color_gradient_stops=\u00bb#345168 5%|rgba(219,219,219,0) 100%\u00bb background_color_gradient_overlays_image=\u00bbon\u00bb background_color_gradient_start=\u00bb#345168&#8243; background_color_gradient_start_position=\u00bb5%\u00bb background_color_gradient_end=\u00bbrgba(219,219,219,0)\u00bb background_image=\u00bbhttps:\/\/lenyolife.com\/wp-content\/uploads\/2022\/05\/partner-program.jpg\u00bb custom_padding=\u00bb5%||10%||false|false\u00bb bottom_divider_style=\u00bbslant\u00bb bottom_divider_color=\u00bb#345168&#8243; bottom_divider_flip=\u00bbhorizontal\u00bb locked=\u00bboff\u00bb global_colors_info=\u00bb{}\u00bb][et_pb_row column_structure=\u00bb1_2,1_2&#8243; _builder_version=\u00bb4.16&#8243; max_width=\u00bb1280px\u00bb animation_direction=\u00bbbottom\u00bb use_custom_width=\u00bbon\u00bb custom_width_px=\u00bb1280px\u00bb global_colors_info=\u00bb{}\u00bb][et_pb_column type=\u00bb1_2&#8243; _builder_version=\u00bb4.16&#8243; custom_padding=\u00bb|||\u00bb global_colors_info=\u00bb{}\u00bb custom_padding__hover=\u00bb|||\u00bb][et_pb_text admin_label=\u00bbText\u00bb _builder_version=\u00bb4.17.4&#8243; text_font=\u00bbLato||||||||\u00bb text_font_size=\u00bb18px\u00bb text_line_height=\u00bb1.8em\u00bb link_font=\u00bb||||||||\u00bb ul_font=\u00bb||||||||\u00bb ol_font=\u00bb||||||||\u00bb quote_font=\u00bb||||||||\u00bb header_font=\u00bb||||||||\u00bb header_2_font=\u00bbLato|700|||||||\u00bb header_2_font_size=\u00bb40px\u00bb header_2_letter_spacing=\u00bb2px\u00bb header_2_line_height=\u00bb1.5em\u00bb header_3_font=\u00bb||||||||\u00bb header_4_font=\u00bb||||||||\u00bb header_5_font=\u00bb||||||||\u00bb header_6_font=\u00bbLato|700|||||||\u00bb header_6_font_size=\u00bb18px\u00bb header_6_letter_spacing=\u00bb1px\u00bb header_6_line_height=\u00bb1.8em\u00bb text_orientation=\u00bbright\u00bb background_layout=\u00bbdark\u00bb width=\u00bb90%\u00bb max_width=\u00bb100%\u00bb custom_margin=\u00bb|0px||0px|false|false\u00bb custom_padding=\u00bb0px||||false|false\u00bb animation_style=\u00bbslide\u00bb animation_direction=\u00bbbottom\u00bb animation_intensity_slide=\u00bb5%\u00bb header_2_font_size_tablet=\u00bb\u00bb header_2_font_size_phone=\u00bb22px\u00bb header_2_font_size_last_edited=\u00bbon|phone\u00bb global_colors_info=\u00bb{}\u00bb]<\/p>\n<h1>\u00a0<\/h1>\n<h2>Convi\u00e9rtete en Socio de Demostraciones<\/h2>\n<h2>\u00a0<\/h2>\n<p>El Programa de <strong>Socio de Demostraci\u00f3n<\/strong> es para cualquier persona que tenga, o tenga la intenci\u00f3n de comprar, un dispositivo LENYO BRT y tambi\u00e9n desee compensar el costo inicial del producto ganando dinero por ofrecer demostraciones de BRT.<\/p>\n<p>[\/et_pb_text][\/et_pb_column][et_pb_column type=\u00bb1_2&#8243; _builder_version=\u00bb4.16&#8243; custom_padding=\u00bb10%|||\u00bb global_colors_info=\u00bb{}\u00bb custom_padding__hover=\u00bb|||\u00bb][et_pb_blurb title=\u00bbComo socio de demostraci\u00f3n de BRT, te ayudaremos a configurar tu equipo BRT y el espacio de sesi\u00f3n para demostraciones.\u00bb icon_placement=\u00bbleft\u00bb image_icon_width=\u00bb22px\u00bb content_max_width=\u00bb1100px\u00bb _builder_version=\u00bb4.17.4&#8243; header_font=\u00bbLato|700|||||||\u00bb header_font_size=\u00bb18px\u00bb header_line_height=\u00bb1.4em\u00bb body_font_size=\u00bb16px\u00bb background_layout=\u00bbdark\u00bb custom_margin=\u00bb-61px||0px||false|false\u00bb animation_style=\u00bbslide\u00bb animation_direction=\u00bbbottom\u00bb animation_intensity_slide=\u00bb5%\u00bb icon_font_size=\u00bb22px\u00bb global_colors_info=\u00bb{}\u00bb][\/et_pb_blurb][et_pb_blurb title=\u00bbSELECCIONA UN DISPOSITIVO DE DEMOSTRACI\u00d3N\u00bb use_icon=\u00bbon\u00bb font_icon=\u00bb&#xe052;||divi||400&#8243; icon_color=\u00bb#ffffff\u00bb icon_placement=\u00bbleft\u00bb image_icon_width=\u00bb22px\u00bb content_max_width=\u00bb1100px\u00bb _builder_version=\u00bb4.17.4&#8243; header_font=\u00bbLato|700|||||||\u00bb header_font_size=\u00bb18px\u00bb header_line_height=\u00bb1.4em\u00bb body_font_size=\u00bb16px\u00bb background_layout=\u00bbdark\u00bb custom_margin=\u00bb10px||0px||false|false\u00bb animation_style=\u00bbslide\u00bb animation_direction=\u00bbbottom\u00bb animation_intensity_slide=\u00bb5%\u00bb icon_font_size=\u00bb22px\u00bb global_colors_info=\u00bb{}\u00bb]<\/p>\n<p>Compra un dispositivo LENYO para ti o utiliza uno que ya tengas<\/p>\n<p>[\/et_pb_blurb][et_pb_blurb title=\u00bbREG\u00cdSTRATE COMO SITIO DE DEMOSTRACIONES\u00bb use_icon=\u00bbon\u00bb font_icon=\u00bb&#xe052;||divi||400&#8243; icon_color=\u00bb#ffffff\u00bb icon_placement=\u00bbleft\u00bb image_icon_width=\u00bb22px\u00bb content_max_width=\u00bb1100px\u00bb _builder_version=\u00bb4.17.4&#8243; header_font=\u00bbLato|700|||||||\u00bb header_font_size=\u00bb18px\u00bb header_line_height=\u00bb1.4em\u00bb body_font_size=\u00bb16px\u00bb background_layout=\u00bbdark\u00bb custom_margin=\u00bb10px||0px||false|false\u00bb animation_style=\u00bbslide\u00bb animation_direction=\u00bbbottom\u00bb animation_intensity_slide=\u00bb5%\u00bb icon_font_size=\u00bb22px\u00bb global_colors_info=\u00bb{}\u00bb]<\/p>\n<p>Env\u00edanos una solicitud para incluir tu dispositivo y ubicaci\u00f3n como un sitio de demostraci\u00f3n donde los compradores potenciales pueden ir a ver el dispositivo en persona antes de comprarlo. Env\u00eda la solicitud a <a href=\"mailto:partners@lenyolife.com\">partners@lenyolife.com<\/a>.<\/p>\n<p>[\/et_pb_blurb][et_pb_blurb title=\u00bbGANA DINERO\u00bb use_icon=\u00bbon\u00bb font_icon=\u00bb&#xe052;||divi||400&#8243; icon_color=\u00bb#ffffff\u00bb icon_placement=\u00bbleft\u00bb image_icon_width=\u00bb22px\u00bb content_max_width=\u00bb1100px\u00bb _builder_version=\u00bb4.17.4&#8243; header_font=\u00bbLato|700|||||||\u00bb header_font_size=\u00bb18px\u00bb header_line_height=\u00bb1.4em\u00bb body_font_size=\u00bb16px\u00bb background_layout=\u00bbdark\u00bb custom_margin=\u00bb10px||0px||false|false\u00bb animation_style=\u00bbslide\u00bb animation_direction=\u00bbbottom\u00bb animation_intensity_slide=\u00bb5%\u00bb icon_font_size=\u00bb22px\u00bb global_colors_info=\u00bb{}\u00bb]<\/p>\n<p>Puedes cobrar una tarifa por una sesi\u00f3n de 30 a 60 minutos y adem\u00e1s obtener tu comisi\u00f3n si los clientes potenciales est\u00e1n entusiasmados y listos para comprar un dispositivo.<\/p>\n<p>[\/et_pb_blurb][et_pb_blurb title=\u00bbPROGRAMA SOCIO DISTRIBUIDOR\u00bb use_icon=\u00bbon\u00bb font_icon=\u00bb&#xe052;||divi||400&#8243; icon_color=\u00bb#ffffff\u00bb icon_placement=\u00bbleft\u00bb image_icon_width=\u00bb22px\u00bb content_max_width=\u00bb1100px\u00bb _builder_version=\u00bb4.17.4&#8243; header_font=\u00bbLato|700|||||||\u00bb header_font_size=\u00bb18px\u00bb header_line_height=\u00bb1.4em\u00bb body_font_size=\u00bb16px\u00bb background_layout=\u00bbdark\u00bb custom_margin=\u00bb10px||0px||false|false\u00bb animation_style=\u00bbslide\u00bb animation_direction=\u00bbbottom\u00bb animation_intensity_slide=\u00bb5%\u00bb icon_font_size=\u00bb22px\u00bb global_colors_info=\u00bb{}\u00bb]<\/p>\n<p>Si realmente deseas crear un ingreso residual en los pr\u00f3ximos a\u00f1os, convi\u00e9rtete en un socio distribuidor. Te capacitaremos sobre c\u00f3mo generar un flujo permanente de dinero mediante la distribuci\u00f3n de dispositivos BRT.<\/p>\n<p>[\/et_pb_blurb][et_pb_blurb title=\u00bbPara solicitar nuestro programa de socio de demostraci\u00f3n LENYO BRT, env\u00eda el formulario que se encuentra en el enlace a continuaci\u00f3n al correo electr\u00f3nico: partner@lenyolife.com. Revisaremos tu solicitud y nos pondremos en contacto contigo dentro de los cinco (5) d\u00edas h\u00e1biles siguientes.\u00bb icon_placement=\u00bbleft\u00bb image_icon_width=\u00bb22px\u00bb content_max_width=\u00bb1100px\u00bb _builder_version=\u00bb4.17.4&#8243; header_font=\u00bbLato|700|||||||\u00bb header_font_size=\u00bb18px\u00bb header_line_height=\u00bb1.4em\u00bb body_font_size=\u00bb16px\u00bb background_layout=\u00bbdark\u00bb custom_margin=\u00bb10px||0px||false|false\u00bb animation_style=\u00bbslide\u00bb animation_direction=\u00bbbottom\u00bb animation_intensity_slide=\u00bb5%\u00bb icon_font_size=\u00bb22px\u00bb global_colors_info=\u00bb{}\u00bb][\/et_pb_blurb][et_pb_button button_text=\u00bbDESCARGA EL FORMULARIO DE SOLICITUD\u00bb _builder_version=\u00bb4.17.4&#8243; _module_preset=\u00bbdefault\u00bb custom_button=\u00bbon\u00bb button_text_size=\u00bb14px\u00bb button_text_color=\u00bb#ffffff\u00bb button_bg_color=\u00bb#FFB356&#8243; button_border_width=\u00bb8px\u00bb button_border_color=\u00bb#FFB356&#8243; button_border_radius=\u00bb50px\u00bb button_letter_spacing=\u00bb2px\u00bb button_font=\u00bbLato|900||on|||||\u00bb global_colors_info=\u00bb{}\u00bb][\/et_pb_button][\/et_pb_column][\/et_pb_row][\/et_pb_section][et_pb_section fb_built=\u00bb1&#8243; admin_label=\u00bbFooter\u00bb _builder_version=\u00bb4.17.4&#8243; background_color=\u00bb#BECEDB\u00bb use_background_color_gradient=\u00bbon\u00bb background_color_gradient_stops=\u00bb#345168 5%|rgba(219,219,219,0) 100%\u00bb background_color_gradient_overlays_image=\u00bbon\u00bb background_color_gradient_start=\u00bb#345168&#8243; background_color_gradient_start_position=\u00bb5%\u00bb background_color_gradient_end=\u00bbrgba(219,219,219,0)\u00bb background_image=\u00bbhttps:\/\/lenyolife.com\/wp-content\/uploads\/2022\/02\/AdobeStock_79367708-kicsi.jpg\u00bb min_height=\u00bb905.9px\u00bb custom_padding=\u00bb0%||3.9%||false|false\u00bb top_divider_color=\u00bb#e5f4f2&#8243; bottom_divider_flip=\u00bbhorizontal\u00bb locked=\u00bboff\u00bb global_colors_info=\u00bb{}\u00bb][et_pb_row _builder_version=\u00bb4.16&#8243; locked=\u00bboff\u00bb global_colors_info=\u00bb{}\u00bb][et_pb_column type=\u00bb4_4&#8243; _builder_version=\u00bb4.16&#8243; custom_padding=\u00bb|||\u00bb global_colors_info=\u00bb{}\u00bb custom_padding__hover=\u00bb|||\u00bb][et_pb_text admin_label=\u00bbTitle\u00bb _builder_version=\u00bb4.17.4&#8243; text_font=\u00bb||||||||\u00bb text_font_size=\u00bb18px\u00bb text_line_height=\u00bb1.8em\u00bb link_font=\u00bb||||||||\u00bb ul_font=\u00bb||||||||\u00bb ol_font=\u00bb||||||||\u00bb quote_font=\u00bb||||||||\u00bb header_font=\u00bb||||||||\u00bb header_2_font=\u00bb|700|||||||\u00bb header_2_font_size=\u00bb40px\u00bb header_2_letter_spacing=\u00bb1px\u00bb header_2_line_height=\u00bb1.5em\u00bb header_3_font=\u00bb||||||||\u00bb header_4_font=\u00bb||||||||\u00bb header_5_font=\u00bb||||||||\u00bb header_6_font=\u00bbLato|700|||||||\u00bb header_6_font_size=\u00bb18px\u00bb header_6_letter_spacing=\u00bb1px\u00bb header_6_line_height=\u00bb1.8em\u00bb text_orientation=\u00bbcenter\u00bb background_layout=\u00bbdark\u00bb max_width=\u00bb700px\u00bb module_alignment=\u00bbcenter\u00bb header_2_font_size_tablet=\u00bb\u00bb header_2_font_size_phone=\u00bb22px\u00bb header_2_font_size_last_edited=\u00bbon|phone\u00bb global_colors_info=\u00bb{}\u00bb]<\/p>\n<h2>Permanezcamos Conectados<\/h2>\n<h3>Ingresa tu correo electr\u00f3nico para ofertas exclusivas, actualizaciones y m\u00e1s<\/h3>\n<p>[\/et_pb_text][et_pb_contact_form email=\u00bblenyolatam@lenyolife.com\u00bb custom_message=\u00bb%%email%%||et_pb_line_break_holder||%%Full_Name%%||et_pb_line_break_holder||%%Phone_Number%%||et_pb_line_break_holder||||et_pb_line_break_holder||%%message%%\u00bb submit_button_text=\u00bbEnv\u00eda tu mensaje\u00bb module_id=\u00bbet_pb_contact_form_0&#8243; _builder_version=\u00bb4.17.6&#8243; _unique_id=\u00bbc1c1e7d1-96d0-4599-8e67-10d78315fb8b\u00bb form_field_background_color=\u00bb#ffffff\u00bb title_font=\u00bb||||||||\u00bb captcha_font=\u00bb|800|||||||\u00bb captcha_text_color=\u00bb#effc00&#8243; captcha_font_size=\u00bb17px\u00bb captcha_letter_spacing=\u00bb3px\u00bb form_field_font=\u00bbLato||||||||\u00bb form_field_font_size=\u00bb16px\u00bb custom_button=\u00bbon\u00bb button_text_size=\u00bb14px\u00bb button_text_color=\u00bb#ffffff\u00bb button_bg_color=\u00bb#ffb356&#8243; button_border_width=\u00bb12px\u00bb button_border_color=\u00bb#ffb356&#8243; button_border_radius=\u00bb50px\u00bb button_letter_spacing=\u00bb2px\u00bb button_font=\u00bbLato|900||on|||||\u00bb button_icon=\u00bb&#x24;||divi||400&#8243; max_width=\u00bb700px\u00bb module_alignment=\u00bbcenter\u00bb animation_style=\u00bbslide\u00bb animation_direction=\u00bbbottom\u00bb animation_intensity_slide=\u00bb5%\u00bb captcha_text_shadow_style=\u00bbpreset3&#8243; captcha_text_shadow_blur_strength=\u00bb0.4em\u00bb captcha_text_shadow_color=\u00bb#000000&#8243; border_radii=\u00bbon|3px|3px|3px|3px\u00bb form_background_color=\u00bb#ffffff\u00bb global_colors_info=\u00bb{}\u00bb][et_pb_contact_field field_id=\u00bbEmail\u00bb field_title=\u00bbCorreo electr\u00f3nico\u00bb field_type=\u00bbemail\u00bb fullwidth_field=\u00bbon\u00bb _builder_version=\u00bb4.17.6&#8243; global_colors_info=\u00bb{}\u00bb button_text_size__hover_enabled=\u00bboff\u00bb button_one_text_size__hover_enabled=\u00bboff\u00bb button_two_text_size__hover_enabled=\u00bboff\u00bb button_text_color__hover_enabled=\u00bboff\u00bb button_one_text_color__hover_enabled=\u00bboff\u00bb button_two_text_color__hover_enabled=\u00bboff\u00bb button_border_width__hover_enabled=\u00bboff\u00bb button_one_border_width__hover_enabled=\u00bboff\u00bb button_two_border_width__hover_enabled=\u00bboff\u00bb button_border_color__hover_enabled=\u00bboff\u00bb button_one_border_color__hover_enabled=\u00bboff\u00bb button_two_border_color__hover_enabled=\u00bboff\u00bb button_border_radius__hover_enabled=\u00bboff\u00bb button_one_border_radius__hover_enabled=\u00bboff\u00bb button_two_border_radius__hover_enabled=\u00bboff\u00bb button_letter_spacing__hover_enabled=\u00bboff\u00bb button_one_letter_spacing__hover_enabled=\u00bboff\u00bb button_two_letter_spacing__hover_enabled=\u00bboff\u00bb button_bg_color__hover_enabled=\u00bboff\u00bb button_one_bg_color__hover_enabled=\u00bboff\u00bb button_two_bg_color__hover_enabled=\u00bboff\u00bb][\/et_pb_contact_field][et_pb_contact_field field_id=\u00bbFull_Name\u00bb field_title=\u00bbNombre completo\u00bb _builder_version=\u00bb4.17.6&#8243; global_colors_info=\u00bb{}\u00bb button_text_size__hover_enabled=\u00bboff\u00bb button_one_text_size__hover_enabled=\u00bboff\u00bb button_two_text_size__hover_enabled=\u00bboff\u00bb button_text_color__hover_enabled=\u00bboff\u00bb button_one_text_color__hover_enabled=\u00bboff\u00bb button_two_text_color__hover_enabled=\u00bboff\u00bb button_border_width__hover_enabled=\u00bboff\u00bb button_one_border_width__hover_enabled=\u00bboff\u00bb button_two_border_width__hover_enabled=\u00bboff\u00bb button_border_color__hover_enabled=\u00bboff\u00bb button_one_border_color__hover_enabled=\u00bboff\u00bb button_two_border_color__hover_enabled=\u00bboff\u00bb button_border_radius__hover_enabled=\u00bboff\u00bb button_one_border_radius__hover_enabled=\u00bboff\u00bb button_two_border_radius__hover_enabled=\u00bboff\u00bb button_letter_spacing__hover_enabled=\u00bboff\u00bb button_one_letter_spacing__hover_enabled=\u00bboff\u00bb button_two_letter_spacing__hover_enabled=\u00bboff\u00bb button_bg_color__hover_enabled=\u00bboff\u00bb button_one_bg_color__hover_enabled=\u00bboff\u00bb button_two_bg_color__hover_enabled=\u00bboff\u00bb][\/et_pb_contact_field][et_pb_contact_field field_id=\u00bbPhone_Number\u00bb field_title=\u00bbN\u00famero de tel\u00e9fono (con indicativo)\u00bb _builder_version=\u00bb4.17.6&#8243; global_colors_info=\u00bb{}\u00bb button_text_size__hover_enabled=\u00bboff\u00bb button_one_text_size__hover_enabled=\u00bboff\u00bb button_two_text_size__hover_enabled=\u00bboff\u00bb button_text_color__hover_enabled=\u00bboff\u00bb button_one_text_color__hover_enabled=\u00bboff\u00bb button_two_text_color__hover_enabled=\u00bboff\u00bb button_border_width__hover_enabled=\u00bboff\u00bb button_one_border_width__hover_enabled=\u00bboff\u00bb button_two_border_width__hover_enabled=\u00bboff\u00bb button_border_color__hover_enabled=\u00bboff\u00bb button_one_border_color__hover_enabled=\u00bboff\u00bb button_two_border_color__hover_enabled=\u00bboff\u00bb button_border_radius__hover_enabled=\u00bboff\u00bb button_one_border_radius__hover_enabled=\u00bboff\u00bb button_two_border_radius__hover_enabled=\u00bboff\u00bb button_letter_spacing__hover_enabled=\u00bboff\u00bb button_one_letter_spacing__hover_enabled=\u00bboff\u00bb button_two_letter_spacing__hover_enabled=\u00bboff\u00bb button_bg_color__hover_enabled=\u00bboff\u00bb button_one_bg_color__hover_enabled=\u00bboff\u00bb button_two_bg_color__hover_enabled=\u00bboff\u00bb][\/et_pb_contact_field][et_pb_contact_field field_id=\u00bbMessage\u00bb field_title=\u00bbEscribe tu mensaje\u00bb field_type=\u00bbtext\u00bb fullwidth_field=\u00bbon\u00bb _builder_version=\u00bb4.17.6&#8243; global_colors_info=\u00bb{}\u00bb button_text_size__hover_enabled=\u00bboff\u00bb button_one_text_size__hover_enabled=\u00bboff\u00bb button_two_text_size__hover_enabled=\u00bboff\u00bb button_text_color__hover_enabled=\u00bboff\u00bb button_one_text_color__hover_enabled=\u00bboff\u00bb button_two_text_color__hover_enabled=\u00bboff\u00bb button_border_width__hover_enabled=\u00bboff\u00bb button_one_border_width__hover_enabled=\u00bboff\u00bb button_two_border_width__hover_enabled=\u00bboff\u00bb button_border_color__hover_enabled=\u00bboff\u00bb button_one_border_color__hover_enabled=\u00bboff\u00bb button_two_border_color__hover_enabled=\u00bboff\u00bb button_border_radius__hover_enabled=\u00bboff\u00bb button_one_border_radius__hover_enabled=\u00bboff\u00bb button_two_border_radius__hover_enabled=\u00bboff\u00bb button_letter_spacing__hover_enabled=\u00bboff\u00bb button_one_letter_spacing__hover_enabled=\u00bboff\u00bb button_two_letter_spacing__hover_enabled=\u00bboff\u00bb button_bg_color__hover_enabled=\u00bboff\u00bb button_one_bg_color__hover_enabled=\u00bboff\u00bb button_two_bg_color__hover_enabled=\u00bboff\u00bb][\/et_pb_contact_field][\/et_pb_contact_form][\/et_pb_column][\/et_pb_row][\/et_pb_section]<\/p>\n","protected":false},"excerpt":{"rendered":"<p>\u00a0 Convi\u00e9rtete en Socio de Demostraciones \u00a0 El Programa de Socio de Demostraci\u00f3n es para cualquier persona que tenga, o tenga la intenci\u00f3n de comprar, un dispositivo LENYO BRT y tambi\u00e9n desee compensar el costo inicial del producto ganando dinero por ofrecer demostraciones de BRT.Compra un dispositivo LENYO para ti o utiliza uno que ya [&hellip;]<\/p>\n","protected":false},"author":10,"featured_media":0,"parent":0,"menu_order":0,"comment_status":"closed","ping_status":"closed","template":"","meta":{"_et_pb_use_builder":"on","_et_pb_old_content":"","_et_gb_content_width":"","footnotes":""},"class_list":["post-228245","page","type-page","status-publish","hentry"],"_links":{"self":[{"href":"https:\/\/lenyolife.com\/es\/wp-json\/wp\/v2\/pages\/228245","targetHints":{"allow":["GET"]}}],"collection":[{"href":"https:\/\/lenyolife.com\/es\/wp-json\/wp\/v2\/pages"}],"about":[{"href":"https:\/\/lenyolife.com\/es\/wp-json\/wp\/v2\/types\/page"}],"author":[{"embeddable":true,"href":"https:\/\/lenyolife.com\/es\/wp-json\/wp\/v2\/users\/10"}],"replies":[{"embeddable":true,"href":"https:\/\/lenyolife.com\/es\/wp-json\/wp\/v2\/comments?post=228245"}],"version-history":[{"count":3,"href":"https:\/\/lenyolife.com\/es\/wp-json\/wp\/v2\/pages\/228245\/revisions"}],"predecessor-version":[{"id":229836,"href":"https:\/\/lenyolife.com\/es\/wp-json\/wp\/v2\/pages\/228245\/revisions\/229836"}],"wp:attachment":[{"href":"https:\/\/lenyolife.com\/es\/wp-json\/wp\/v2\/media?parent=228245"}],"curies":[{"name":"wp","href":"https:\/\/api.w.org\/{rel}","templated":true}]}}